{"id":2,"date":"2020-01-22T00:06:32","date_gmt":"2020-01-21T22:06:32","guid":{"rendered":"http:\/\/vps.virtuaalikoulu.org\/ilmastosoturit\/?page_id=2"},"modified":"2021-11-24T17:28:35","modified_gmt":"2021-11-24T15:28:35","slug":"etusivu","status":"publish","type":"page","link":"http:\/\/vps.virtuaalikoulu.org\/ilmastosoturit\/","title":{"rendered":"Etusivu"},"content":{"rendered":"<p>[et_pb_section fb_built=&#8221;1&#8243; next_background_color=&#8221;#d8f6ff&#8221; admin_label=&#8221;Header&#8221; _builder_version=&#8221;3.29.3&#8243; background_color=&#8221;#92c7e8&#8243; background_image=&#8221;http:\/\/vps.virtuaalikoulu.org\/ilmastosoturit\/wp-content\/uploads\/2020\/01\/siniblur.jpg&#8221; parallax=&#8221;on&#8221; height=&#8221;39%&#8221; custom_margin=&#8221;||||false&#8221; custom_padding=&#8221;4vw||4vw||true|false&#8221; bottom_divider_style=&#8221;curve&#8221; bottom_divider_height=&#8221;6vw&#8221; global_colors_info=&#8221;{}&#8221;][et_pb_row _builder_version=&#8221;3.29.3&#8243; background_enable_image=&#8221;off&#8221; background_size=&#8221;contain&#8221; animation_style=&#8221;zoom&#8221; animation_intensity_zoom=&#8221;10%&#8221; global_colors_info=&#8221;{}&#8221;][et_pb_column type=&#8221;4_4&#8243; _builder_version=&#8221;3.25&#8243; custom_padding=&#8221;|||&#8221; global_colors_info=&#8221;{}&#8221; custom_padding__hover=&#8221;|||&#8221;][et_pb_image src=&#8221;http:\/\/vps.virtuaalikoulu.org\/ilmastosoturit\/wp-content\/uploads\/2020\/01\/WhatsApp-Image-2019-11-12-at-19.png&#8221; _builder_version=&#8221;3.29.3&#8243; width=&#8221;38%&#8221; width_tablet=&#8221;52%&#8221; width_phone=&#8221;73%&#8221; width_last_edited=&#8221;on|desktop&#8221; module_alignment=&#8221;center&#8221; custom_margin=&#8221;||-14vw||false|false&#8221; custom_margin_tablet=&#8221;||-15vw||false|false&#8221; custom_margin_phone=&#8221;||-19vw||false|false&#8221; custom_margin_last_edited=&#8221;on|phone&#8221; animation_style=&#8221;bounce&#8221; global_colors_info=&#8221;{}&#8221;][\/et_pb_image][\/et_pb_column][\/et_pb_row][\/et_pb_section][et_pb_section fb_built=&#8221;1&#8243; custom_padding_last_edited=&#8221;on|phone&#8221; disabled_on=&#8221;off|off|off&#8221; admin_label=&#8221;Features&#8221; _builder_version=&#8221;4.2.2&#8243; background_color=&#8221;#d8f6ff&#8221; custom_padding=&#8221;11vw||5vw||false|false&#8221; custom_padding_tablet=&#8221;13vw||||false|false&#8221; custom_padding_phone=&#8221;&#8221; global_colors_info=&#8221;{}&#8221;][et_pb_row use_custom_gutter=&#8221;on&#8221; gutter_width=&#8221;4&#8243; _builder_version=&#8221;4.2.2&#8243; max_width=&#8221;70vw&#8221; custom_margin=&#8221;0px||0px||false|false&#8221; custom_padding=&#8221;0px||0px||false|false&#8221; global_colors_info=&#8221;{}&#8221;][et_pb_column type=&#8221;4_4&#8243; _builder_version=&#8221;3.25&#8243; custom_padding=&#8221;|||&#8221; global_colors_info=&#8221;{}&#8221; custom_padding__hover=&#8221;|||&#8221;][et_pb_text _builder_version=&#8221;3.29.3&#8243; text_font=&#8221;||||||||&#8221; text_text_color=&#8221;#001b3a&#8221; text_font_size=&#8221;1.5vw&#8221; text_line_height=&#8221;1.2em&#8221; header_font=&#8221;Montserrat||||||||&#8221; header_2_font=&#8221;Montserrat|900|||||||&#8221; header_2_text_color=&#8221;#02437f&#8221; header_2_font_size=&#8221;2.2vw&#8221; header_2_line_height=&#8221;1.2em&#8221; header_3_text_color=&#8221;#02437f&#8221; header_3_font_size=&#8221;1.5vw&#8221; header_3_line_height=&#8221;1.2em&#8221; text_font_size_tablet=&#8221;2.8vw&#8221; text_font_size_phone=&#8221;4vw&#8221; text_font_size_last_edited=&#8221;on|phone&#8221; header_2_font_size_tablet=&#8221;4.4vw&#8221; header_2_font_size_phone=&#8221;6vw&#8221; header_2_font_size_last_edited=&#8221;on|desktop&#8221; header_3_font_size_tablet=&#8221;2.6vw&#8221; header_3_font_size_phone=&#8221;4.1vw&#8221; header_3_font_size_last_edited=&#8221;on|phone&#8221; global_colors_info=&#8221;{}&#8221; header_3_font_size__hover_enabled=&#8221;off|desktop&#8221;]<\/p>\n<h2 style=\"text-align: center;\">Meid\u00e4n maailmamme: Meid\u00e4n vastuullamme<\/h2>\n<p style=\"text-align: center;\">Ilmastosoturit on lokakuun lopussa 2018 Lemp\u00e4\u00e4l\u00e4n lukiossa perustettu opiskelijoiden ja henkil\u00f6kunnan yhteinen ryhm\u00e4, johon kuuluu noin 60 Virta-kampuksen katon alla ty\u00f6skentelev\u00e4\u00e4 ihmist\u00e4. Ryhm\u00e4ll\u00e4 on nelj\u00e4 tavoitetta:<\/p>\n<p>[\/et_pb_text][et_pb_text _builder_version=&#8221;4.2.2&#8243; text_font=&#8221;||||||||&#8221; text_text_color=&#8221;#001b3a&#8221; text_font_size=&#8221;1.5vw&#8221; text_line_height=&#8221;1.2em&#8221; header_font=&#8221;Montserrat||||||||&#8221; header_2_font=&#8221;Montserrat|700|||||||&#8221; header_2_text_color=&#8221;#02437f&#8221; header_2_font_size=&#8221;2vw&#8221; header_2_line_height=&#8221;1.2em&#8221; header_3_text_color=&#8221;#02437f&#8221; header_3_font_size=&#8221;1.5vw&#8221; custom_margin=&#8221;|||2vw|false|false&#8221; custom_margin_tablet=&#8221;|||6vw|false|false&#8221; custom_margin_phone=&#8221;0px||0px|4vw|false|false&#8221; custom_margin_last_edited=&#8221;on|desktop&#8221; custom_padding=&#8221;0px||0px||false|false&#8221; text_font_size_tablet=&#8221;2.8vw&#8221; text_font_size_phone=&#8221;4vw&#8221; text_font_size_last_edited=&#8221;on|phone&#8221; header_2_font_size_tablet=&#8221;4.4vw&#8221; header_2_font_size_phone=&#8221;6vw&#8221; header_2_font_size_last_edited=&#8221;on|desktop&#8221; header_3_font_size_tablet=&#8221;3vw&#8221; header_3_font_size_phone=&#8221;4.6vw&#8221; header_3_font_size_last_edited=&#8221;on|tablet&#8221; global_colors_info=&#8221;{}&#8221; header_3_font_size__hover_enabled=&#8221;off|desktop&#8221;]<\/p>\n<h3 style=\"text-align: left;\"><strong><br \/> \u2022 V\u00e4litt\u00e4\u00e4 tietoa ymp\u00e4rist\u00f6nsuojelusta.<\/strong><\/h3>\n<h3 style=\"text-align: left;\"><strong><\/strong><\/h3>\n<p><strong><\/strong><\/p>\n<h3 style=\"text-align: left;\"><strong><\/strong><strong>\u2022 Innostaa ihmisi\u00e4 tekem\u00e4\u00e4n ymp\u00e4rist\u00f6n, luonnon ja ilmaston kannalta fiksuja valintoja.<\/strong><\/h3>\n<h3 style=\"text-align: left;\"><strong><\/strong><\/h3>\n<p><strong><\/strong><\/p>\n<h3 style=\"text-align: left;\"><strong>\u2022 Vaikuttaa asioihin l\u00e4hell\u00e4 ja kauempana.<\/strong><\/h3>\n<h3 style=\"text-align: left;\"><strong><\/strong><\/h3>\n<p><strong><\/strong><\/p>\n<h3 style=\"text-align: left;\"><strong>\u2022 Tuoda esille toivon n\u00e4k\u00f6kulmaa kiinnitt\u00e4m\u00e4ll\u00e4 huomiota edistysaskeleisiin.<\/strong><\/h3>\n<p><strong><\/strong><\/p>\n<p>&nbsp;<\/p>\n<p>[\/et_pb_text][\/et_pb_column][\/et_pb_row][\/et_pb_section][et_pb_section fb_built=&#8221;1&#8243; admin_label=&#8221;Blog&#8221; _builder_version=&#8221;3.29.3&#8243; background_color=&#8221;#b7ebff&#8221; background_enable_image=&#8221;off&#8221; background_size=&#8221;contain&#8221; background_position=&#8221;top_right&#8221; custom_padding=&#8221;0vw||||false|false&#8221; top_divider_style=&#8221;clouds&#8221; top_divider_color=&#8221;#d8f6ff&#8221; top_divider_height=&#8221;11vw&#8221; top_divider_height_tablet=&#8221;16vw&#8221; top_divider_height_phone=&#8221;23vw&#8221; top_divider_height_last_edited=&#8221;on|desktop&#8221; global_colors_info=&#8221;{}&#8221;][et_pb_row _builder_version=&#8221;4.2.2&#8243; max_width=&#8221;70vw&#8221; global_colors_info=&#8221;{}&#8221;][et_pb_column type=&#8221;4_4&#8243; _builder_version=&#8221;3.25&#8243; custom_padding=&#8221;|||&#8221; global_colors_info=&#8221;{}&#8221; custom_padding__hover=&#8221;|||&#8221;][et_pb_text _builder_version=&#8221;3.29.3&#8243; text_font=&#8221;||||||||&#8221; text_text_color=&#8221;#001b3a&#8221; text_font_size=&#8221;1.5vw&#8221; text_line_height=&#8221;1.2em&#8221; header_font=&#8221;Montserrat||||||||&#8221; header_2_font=&#8221;Montserrat|900|||||||&#8221; header_2_text_color=&#8221;#02437f&#8221; header_2_font_size=&#8221;2.2vw&#8221; header_2_line_height=&#8221;1.2em&#8221; header_3_text_color=&#8221;#02437f&#8221; header_3_font_size=&#8221;1.5vw&#8221; header_3_line_height=&#8221;1.2em&#8221; text_font_size_tablet=&#8221;2.8vw&#8221; text_font_size_phone=&#8221;4vw&#8221; text_font_size_last_edited=&#8221;on|phone&#8221; header_2_font_size_tablet=&#8221;4.4vw&#8221; header_2_font_size_phone=&#8221;6vw&#8221; header_2_font_size_last_edited=&#8221;on|desktop&#8221; header_3_font_size_tablet=&#8221;2.6vw&#8221; header_3_font_size_phone=&#8221;4.1vw&#8221; header_3_font_size_last_edited=&#8221;on|phone&#8221; global_colors_info=&#8221;{}&#8221; header_3_font_size__hover_enabled=&#8221;off|desktop&#8221;]<\/p>\n<h2 style=\"text-align: center;\">Blogi<\/h2>\n<p>[\/et_pb_text][et_pb_blog fullwidth=&#8221;off&#8221; posts_number=&#8221;3&#8243; show_more=&#8221;on&#8221; show_author=&#8221;off&#8221; show_categories=&#8221;off&#8221; show_pagination=&#8221;off&#8221; use_overlay=&#8221;on&#8221; overlay_icon_color=&#8221;#FFFFFF&#8221; hover_overlay_color=&#8221;rgba(95,188,198,0.52)&#8221; hover_icon=&#8221;&#x68;||divi||400&#8243; masonry_tile_background_color=&#8221;#ffffff&#8221; _builder_version=&#8221;4.13.0&#8243; header_font=&#8221;Montserrat|900|||||||&#8221; header_text_color=&#8221;#00457a&#8221; header_font_size=&#8221;1.5vw&#8221; header_line_height=&#8221;1.2em&#8221; body_font=&#8221;Montserrat||||||||&#8221; body_text_color=&#8221;#00457a&#8221; body_font_size=&#8221;1.1vw&#8221; body_line_height=&#8221;1.4em&#8221; meta_font=&#8221;Montserrat|700|||||||&#8221; meta_text_color=&#8221;#00457a&#8221; meta_font_size=&#8221;1vw&#8221; meta_line_height=&#8221;1em&#8221; read_more_font=&#8221;Montserrat|900|||||||&#8221; read_more_text_color=&#8221;#00457a&#8221; read_more_font_size=&#8221;1.2vw&#8221; read_more_line_height=&#8221;1.9em&#8221; pagination_font=&#8221;Montserrat||||||||&#8221; max_height_last_edited=&#8221;off|desktop&#8221; animation_style=&#8221;zoom&#8221; animation_intensity_zoom=&#8221;10%&#8221; header_font_size_tablet=&#8221;2.9vw&#8221; header_font_size_phone=&#8221;5vw&#8221; header_font_size_last_edited=&#8221;on|desktop&#8221; body_font_size_tablet=&#8221;1.9vw&#8221; body_font_size_phone=&#8221;3.1vw&#8221; body_font_size_last_edited=&#8221;on|phone&#8221; meta_font_size_tablet=&#8221;2vw&#8221; meta_font_size_phone=&#8221;3.3vw&#8221; meta_font_size_last_edited=&#8221;on|phone&#8221; meta_line_height_tablet=&#8221;1.1em&#8221; meta_line_height_phone=&#8221;1.8em&#8221; meta_line_height_last_edited=&#8221;on|tablet&#8221; read_more_font_size_tablet=&#8221;2.2vw&#8221; read_more_font_size_phone=&#8221;3.7vw&#8221; read_more_font_size_last_edited=&#8221;on|phone&#8221; border_radii=&#8221;on|10px|10px|10px|10px&#8221; border_width_all=&#8221;0px&#8221; box_shadow_style=&#8221;preset1&#8243; box_shadow_vertical=&#8221;10px&#8221; box_shadow_blur=&#8221;60px&#8221; box_shadow_color=&#8221;rgba(1,33,92,0.1)&#8221; global_colors_info=&#8221;{}&#8221;][\/et_pb_blog][\/et_pb_column][\/et_pb_row][\/et_pb_section][et_pb_section fb_built=&#8221;1&#8243; admin_label=&#8221;About Me&#8221; _builder_version=&#8221;4.14.1&#8243; background_color=&#8221;#357dad&#8221; custom_padding=&#8221;|0px|54px|0px|false|false&#8221; top_divider_style=&#8221;curve&#8221; top_divider_color=&#8221;#b7ebff&#8221; top_divider_height=&#8221;4vw&#8221; top_divider_flip=&#8221;vertical&#8221; top_divider_style_tablet=&#8221;clouds2&#8243; top_divider_style_phone=&#8221;clouds2&#8243; top_divider_style_last_edited=&#8221;on|phone&#8221; top_divider_height_tablet=&#8221;16vw&#8221; top_divider_height_phone=&#8221;23vw&#8221; top_divider_height_last_edited=&#8221;on|phone&#8221; top_divider_flip_tablet=&#8221;none&#8221; top_divider_flip_phone=&#8221;none&#8221; top_divider_flip_last_edited=&#8221;on|desktop&#8221; global_colors_info=&#8221;{}&#8221;][et_pb_row column_structure=&#8221;1_2,1_2&#8243; use_custom_gutter=&#8221;on&#8221; gutter_width=&#8221;1&#8243; admin_label=&#8221;Rivi&#8221; _builder_version=&#8221;4.14.1&#8243; custom_margin=&#8221;||||false|false&#8221; custom_padding=&#8221;||||false|false&#8221; hover_enabled=&#8221;0&#8243; global_colors_info=&#8221;{}&#8221; sticky_enabled=&#8221;0&#8243;][et_pb_column type=&#8221;1_2&#8243; admin_label=&#8221;Sarake&#8221; _builder_version=&#8221;4.14.1&#8243; custom_padding=&#8221;||15px||false|false&#8221; hover_enabled=&#8221;0&#8243; global_colors_info=&#8221;{}&#8221; custom_padding__hover=&#8221;|||&#8221; sticky_enabled=&#8221;0&#8243;][et_pb_image src=&#8221;http:\/\/vps.virtuaalikoulu.org\/ilmastosoturit\/wp-content\/uploads\/2020\/01\/WhatsApp-Image-2019-11-12-at-19.png&#8221; disabled_on=&#8221;off|on|on&#8221; _builder_version=&#8221;3.29.3&#8243; width=&#8221;26%&#8221; module_alignment=&#8221;center&#8221; custom_margin=&#8221;0px|0px|0px|0px|false|false&#8221; custom_padding=&#8221;0px|0px|0px|0px|false|false&#8221; global_colors_info=&#8221;{}&#8221;][\/et_pb_image][et_pb_text _builder_version=&#8221;4.14.1&#8243; text_font=&#8221;Montserrat||||||||&#8221; text_text_color=&#8221;#FFFFFF&#8221; text_font_size=&#8221;24px&#8221; text_line_height=&#8221;1em&#8221; link_font=&#8221;||||||||&#8221; link_text_color=&#8221;#FFFFFF&#8221; header_font=&#8221;Montserrat||||||||&#8221; header_2_font=&#8221;Montserrat|900|||||||&#8221; header_2_text_color=&#8221;#FFFFFF&#8221; header_2_font_size=&#8221;52px&#8221; header_2_line_height=&#8221;1.2em&#8221; header_3_font=&#8221;Montserrat|700|||||||&#8221; header_3_text_color=&#8221;#FFFFFF&#8221; header_3_font_size=&#8221;32px&#8221; header_3_line_height=&#8221;2vw&#8221; header_4_font=&#8221;Montserrat|700|||on||||&#8221; header_4_text_color=&#8221;#FFFFFF&#8221; header_4_font_size=&#8221;30px&#8221; custom_margin=&#8221;|0px||0px|false|true&#8221; custom_padding=&#8221;|0px||0px|false|true&#8221; text_font_size_tablet=&#8221;3vw&#8221; text_font_size_phone=&#8221;5vw&#8221; text_font_size_last_edited=&#8221;on|desktop&#8221; text_line_height_tablet=&#8221;3.5vw&#8221; text_line_height_phone=&#8221;6vw&#8221; text_line_height_last_edited=&#8221;on|tablet&#8221; header_2_font_size_tablet=&#8221;5vw&#8221; header_2_font_size_phone=&#8221;9vw&#8221; header_2_font_size_last_edited=&#8221;on|desktop&#8221; header_3_font_size_tablet=&#8221;3.7vw&#8221; header_3_font_size_phone=&#8221;5.7vw&#8221; header_3_font_size_last_edited=&#8221;on|tablet&#8221; header_3_line_height_tablet=&#8221;3.7vw&#8221; header_3_line_height_phone=&#8221;5vw&#8221; header_3_line_height_last_edited=&#8221;on|tablet&#8221; text_orientation_tablet=&#8221;&#8221; text_orientation_phone=&#8221;center&#8221; text_orientation_last_edited=&#8221;on|phone&#8221; locked=&#8221;off&#8221; global_colors_info=&#8221;{}&#8221;]<\/p>\n<h2>Ilmasto\u00adsoturit<\/h2>\n<p><a href=\"mailto:ilmastosoturit@gmail.com\">ilmastosoturit@gmail.com<\/a><\/p>\n<p><span style=\"text-decoration: underline;\"><a href=\"http:\/\/vps.virtuaalikoulu.org\/ilmastosoturit\/ota-meihin-yhteytta\/\">Ota meihin yhteytt\u00e4!\u00a0<\/a><\/span><\/p>\n<p><span style=\"text-decoration: underline;\"><\/span><\/p>\n<h3>Seuraa meit\u00e4 somessa!<\/h3>\n<p>&#8221;Rakentamassa parempaa maailmaa. Tehd\u00e4\u00e4n se yhdess\u00e4!&#8221;<\/p>\n<p>[\/et_pb_text][et_pb_social_media_follow icon_color=&#8221;#3281c1&#8243; _builder_version=&#8221;4.14.1&#8243; text_orientation=&#8221;left&#8221; custom_margin=&#8221;17px||||false|false&#8221; custom_padding=&#8221;|||&#8221; animation_style=&#8221;zoom&#8221; animation_intensity_zoom=&#8221;10%&#8221; text_orientation_tablet=&#8221;&#8221; text_orientation_phone=&#8221;center&#8221; text_orientation_last_edited=&#8221;on|desktop&#8221; border_radii=&#8221;on|100px|100px|100px|100px&#8221; global_colors_info=&#8221;{}&#8221;][et_pb_social_media_follow_network social_network=&#8221;twitter&#8221; url=&#8221;https:\/\/twitter.com\/ilmastosoturit&#8221; _builder_version=&#8221;3.29.3&#8243; background_color=&#8221;#ffffff&#8221; custom_margin=&#8221;|12px||&#8221; custom_padding=&#8221;6px|6px|6px|6px|true|true&#8221; global_colors_info=&#8221;{}&#8221; follow_button=&#8221;off&#8221; url_new_window=&#8221;on&#8221;]twitter[\/et_pb_social_media_follow_network][et_pb_social_media_follow_network social_network=&#8221;instagram&#8221; url=&#8221;https:\/\/www.instagram.com\/ilmastosoturit\/&#8221; _builder_version=&#8221;3.29.3&#8243; background_color=&#8221;#ffffff&#8221; background_enable_color=&#8221;on&#8221; custom_margin=&#8221;|12px||&#8221; custom_padding=&#8221;6px|6px|6px|6px|true|true&#8221; global_colors_info=&#8221;{}&#8221; follow_button=&#8221;off&#8221; url_new_window=&#8221;on&#8221;]instagram[\/et_pb_social_media_follow_network][et_pb_social_media_follow_network social_network=&#8221;facebook&#8221; url=&#8221;https:\/\/www.facebook.com\/groups\/295838054361838\/&#8221; _builder_version=&#8221;3.29.3&#8243; background_color=&#8221;#ffffff&#8221; custom_margin=&#8221;|12px||&#8221; custom_padding=&#8221;6px|6px|6px|6px|true|true&#8221; global_colors_info=&#8221;{}&#8221; follow_button=&#8221;off&#8221; url_new_window=&#8221;on&#8221;]facebook[\/et_pb_social_media_follow_network][\/et_pb_social_media_follow][\/et_pb_column][et_pb_column type=&#8221;1_2&#8243; admin_label=&#8221;Sarake&#8221; _builder_version=&#8221;4.14.1&#8243; custom_padding=&#8221;|||&#8221; global_colors_info=&#8221;{}&#8221; custom_padding__hover=&#8221;|||&#8221;][et_pb_image src=&#8221;http:\/\/vps.virtuaalikoulu.org\/ilmastosoturit\/wp-content\/uploads\/2021\/11\/WhatsApp-Image-2019-12-09-at-14.18.png&#8221; title_text=&#8221;Ilmastosoturit&#8221; align=&#8221;center&#8221; align_tablet=&#8221;center&#8221; align_phone=&#8221;&#8221; align_last_edited=&#8221;on|desktop&#8221; _builder_version=&#8221;4.14.1&#8243; background_enable_image=&#8221;off&#8221; background_size=&#8221;contain&#8221; width=&#8221;90%&#8221; animation_style=&#8221;zoom&#8221; animation_intensity_zoom=&#8221;10%&#8221; border_radii_tablet=&#8221;on|9vw|9vw|9vw|9vw&#8221; border_radii_phone=&#8221;on|12vw|12vw|12vw|12vw&#8221; border_radii_last_edited=&#8221;off|desktop&#8221; animation=&#8221;top&#8221; global_colors_info=&#8221;{}&#8221; width__hover_enabled=&#8221;off|desktop&#8221;][\/et_pb_image][\/et_pb_column][\/et_pb_row][\/et_pb_section]<\/p>\n","protected":false},"excerpt":{"rendered":"<p>Meid\u00e4n maailmamme: Meid\u00e4n vastuullamme Ilmastosoturit on lokakuun lopussa 2018 Lemp\u00e4\u00e4l\u00e4n lukiossa perustettu opiskelijoiden ja henkil\u00f6kunnan yhteinen ryhm\u00e4, johon kuuluu noin 60 Virta-kampuksen katon alla ty\u00f6skentelev\u00e4\u00e4 ihmist\u00e4. Ryhm\u00e4ll\u00e4 on nelj\u00e4 tavoitetta: \u2022 V\u00e4litt\u00e4\u00e4 tietoa ymp\u00e4rist\u00f6nsuojelusta. \u2022 Innostaa ihmisi\u00e4 tekem\u00e4\u00e4n ymp\u00e4rist\u00f6n, luonnon ja ilmaston kannalta fiksuja valintoja. \u2022 Vaikuttaa asioihin l\u00e4hell\u00e4 ja kauempana. \u2022 Tuoda esille toivon [&hellip;]<\/p>\n","protected":false},"author":1,"featured_media":0,"parent":0,"menu_order":0,"comment_status":"closed","ping_status":"closed","template":"","meta":{"_et_pb_use_builder":"on","_et_pb_old_content":"<!-- wp:paragraph -->\n<p>T\u00e4m\u00e4 on esimerkkisivu. Se eroaa artikkelista, sill\u00e4 se pysyy omalla paikallaan ja n\u00e4kyy sivustosi navigaatiossa (useimmissa teemoissa). Monet tekev\u00e4t ensimm\u00e4isen\u00e4 Tietoja-sivun, joka esittelee heid\u00e4t sivuston vierailijoille. Siihen voi kirjoittaa esimerkiksi jotain t\u00e4m\u00e4nkaltaista sis\u00e4lt\u00f6\u00e4:<\/p>\n<!-- \/wp:paragraph -->\n\n<!-- wp:quote -->\n<blockquote class=\"wp-block-quote\"><p>Tervehdys! P\u00e4iv\u00e4ty\u00f6kseni teen py\u00f6r\u00e4l\u00e4hetin hommia ja iltaisin toimin harrastelijateatterin parissa. N\u00e4m\u00e4 ovat minun ikiomat sivuni. Asun Paraisilla ja minulla on mahtava koira, jonka nimi on Jaakko. Pid\u00e4n pi\u00f1a colada -drinkeist\u00e4 ja sateen ropinasta peltikatolla.<\/p><\/blockquote>\n<!-- \/wp:quote -->\n\n<!-- wp:paragraph -->\n<p>...tai jotain t\u00e4llaista:<\/p>\n<!-- \/wp:paragraph -->\n\n<!-- wp:quote -->\n<blockquote class=\"wp-block-quote\"><p>Hilavitkuttimet Oy perustettiin vuonna 1971 ja se on siit\u00e4 l\u00e4htien tuottanut asiakkailleen laadukkaita hilavitkuttimia. Yli 200 henkil\u00f6\u00e4 ty\u00f6llist\u00e4v\u00e4 Hilavitkuttimet Oy sijaitsee Salossa ja j\u00e4rjest\u00e4\u00e4 kaikenlaisia tempauksia paikallisen yhteis\u00f6n iloksi.<\/p><\/blockquote>\n<!-- \/wp:quote -->\n\n<!-- wp:paragraph -->\n<p>Uutena WordPress-k\u00e4ytt\u00e4j\u00e4n\u00e4, sinun kannattaa menn\u00e4 <a href=\"http:\/\/vps.virtuaalikoulu.org\/ilmastosoturit\/wp-admin\/\">ohjauspaneeliisi<\/a> poistaaksesi t\u00e4m\u00e4n sivun ja luodaksesi uusia sivuja sis\u00e4ll\u00f6llesi. Pid\u00e4 hauskaa!<\/p>\n<!-- \/wp:paragraph -->","_et_gb_content_width":"","_monsterinsights_skip_tracking":false,"_monsterinsights_sitenote_active":false,"_monsterinsights_sitenote_note":"","_monsterinsights_sitenote_category":0},"_links":{"self":[{"href":"http:\/\/vps.virtuaalikoulu.org\/ilmastosoturit\/wp-json\/wp\/v2\/pages\/2"}],"collection":[{"href":"http:\/\/vps.virtuaalikoulu.org\/ilmastosoturit\/wp-json\/wp\/v2\/pages"}],"about":[{"href":"http:\/\/vps.virtuaalikoulu.org\/ilmastosoturit\/wp-json\/wp\/v2\/types\/page"}],"author":[{"embeddable":true,"href":"http:\/\/vps.virtuaalikoulu.org\/ilmastosoturit\/wp-json\/wp\/v2\/users\/1"}],"replies":[{"embeddable":true,"href":"http:\/\/vps.virtuaalikoulu.org\/ilmastosoturit\/wp-json\/wp\/v2\/comments?post=2"}],"version-history":[{"count":29,"href":"http:\/\/vps.virtuaalikoulu.org\/ilmastosoturit\/wp-json\/wp\/v2\/pages\/2\/revisions"}],"predecessor-version":[{"id":332,"href":"http:\/\/vps.virtuaalikoulu.org\/ilmastosoturit\/wp-json\/wp\/v2\/pages\/2\/revisions\/332"}],"wp:attachment":[{"href":"http:\/\/vps.virtuaalikoulu.org\/ilmastosoturit\/wp-json\/wp\/v2\/media?parent=2"}],"curies":[{"name":"wp","href":"https:\/\/api.w.org\/{rel}","templated":true}]}}