{"id":238,"date":"2021-04-26T14:07:48","date_gmt":"2021-04-26T11:07:48","guid":{"rendered":"http:\/\/vps.virtuaalikoulu.org\/ilmastosoturit\/?page_id=238"},"modified":"2021-04-27T09:58:19","modified_gmt":"2021-04-27T06:58:19","slug":"ota-meihin-yhteytta","status":"publish","type":"page","link":"http:\/\/vps.virtuaalikoulu.org\/ilmastosoturit\/ota-meihin-yhteytta\/","title":{"rendered":"Ota meihin yhteytt\u00e4"},"content":{"rendered":"<p>[et_pb_section fb_built=&#8221;1&#8243; _builder_version=&#8221;3.22&#8243;][et_pb_row _builder_version=&#8221;3.25&#8243; background_size=&#8221;initial&#8221; background_position=&#8221;top_left&#8221; background_repeat=&#8221;repeat&#8221;][et_pb_column type=&#8221;4_4&#8243; _builder_version=&#8221;3.25&#8243; custom_padding=&#8221;|||&#8221; custom_padding__hover=&#8221;|||&#8221;][et_pb_text _builder_version=&#8221;3.27.4&#8243; background_size=&#8221;initial&#8221; background_position=&#8221;top_left&#8221; background_repeat=&#8221;repeat&#8221;]<!-- divi:paragraph --><\/p>\n<p>TILAA MEID\u00c4T KYL\u00c4\u00c4N<br \/>Kiinnostaisiko sinua kuulla, miten me olemme toimineet t\u00e4\u00e4ll\u00e4 Lemp\u00e4\u00e4l\u00e4n seudulla l\u00e4hiymp\u00e4rist\u00f6n hyv\u00e4ksi? Kaipaatko sparrausapua oman ymp\u00e4rist\u00f6ryhm\u00e4n tai -projektin k\u00e4ynnist\u00e4miseen? Tulemme mielell\u00e4mme kertomaan sinulle\/teille siit\u00e4 ty\u00f6st\u00e4, mit\u00e4 teemme t\u00e4\u00e4ll\u00e4 ja miten me toteutamme projektejamme. Et\u00e4yhteys onnistuu varsin vaivattomasti ja ensi syksyn\u00e4 p\u00e4\u00e4semme ehk\u00e4 ihan fyysisestikin paikalle.\u00a0<\/p>\n<p><!-- \/divi:paragraph --> <!-- divi:paragraph --><\/p>\n<p>Valitse painike niin saat yhteydenottolomakkeen auki<\/p>\n<p><!-- \/divi:paragraph --> <!-- divi:button --><\/p>\n<div class=\"wp-block-button\"><a class=\"wp-block-button__link\" href=\"http:\/\/vps.virtuaalikoulu.org\/ilmastosoturit\/yhteydenottolomake\"><img loading=\"lazy\" width=\"1008\" height=\"1165\" class=\"wp-image-8\" style=\"width: 100px;\" src=\"http:\/\/vps.virtuaalikoulu.org\/ilmastosoturit\/wp-content\/uploads\/2020\/01\/WhatsApp-Image-2019-11-12-at-19.png\" alt=\"\" srcset=\"http:\/\/vps.virtuaalikoulu.org\/ilmastosoturit\/wp-content\/uploads\/2020\/01\/WhatsApp-Image-2019-11-12-at-19.png 1008w, http:\/\/vps.virtuaalikoulu.org\/ilmastosoturit\/wp-content\/uploads\/2020\/01\/WhatsApp-Image-2019-11-12-at-19-980x1133.png 980w, http:\/\/vps.virtuaalikoulu.org\/ilmastosoturit\/wp-content\/uploads\/2020\/01\/WhatsApp-Image-2019-11-12-at-19-480x555.png 480w\" sizes=\"(min-width: 0px) and (max-width: 480px) 480px, (min-width: 481px) and (max-width: 980px) 980px, (min-width: 981px) 1008px, 100vw\" \/><\/a><\/div>\n<p><!-- \/divi:button --> <!-- divi:paragraph --><\/p>\n<p>Meid\u00e4t tavoittaa my\u00f6s s\u00e4hk\u00f6postilla <a href=\"mailto:ilmastosoturit@gmail.com\">ilmastosoturit@gmail.com<\/a><\/p>\n<p><!-- \/divi:paragraph -->[\/et_pb_text][\/et_pb_column][\/et_pb_row][\/et_pb_section]<\/p>\n","protected":false},"excerpt":{"rendered":"<p>TILAA MEID\u00c4T KYL\u00c4\u00c4NKiinnostaisiko sinua kuulla, miten me olemme toimineet t\u00e4\u00e4ll\u00e4 Lemp\u00e4\u00e4l\u00e4n seudulla l\u00e4hiymp\u00e4rist\u00f6n hyv\u00e4ksi? Kaipaatko sparrausapua oman ymp\u00e4rist\u00f6ryhm\u00e4n tai -projektin k\u00e4ynnist\u00e4miseen? Tulemme mielell\u00e4mme kertomaan sinulle\/teille siit\u00e4 ty\u00f6st\u00e4, mit\u00e4 teemme t\u00e4\u00e4ll\u00e4 ja miten me toteutamme projektejamme. Et\u00e4yhteys onnistuu varsin vaivattomasti ja ensi syksyn\u00e4 p\u00e4\u00e4semme ehk\u00e4 ihan fyysisestikin paikalle.\u00a0 Valitse painike niin saat yhteydenottolomakkeen auki Meid\u00e4t tavoittaa [&hellip;]<\/p>\n","protected":false},"author":2,"featured_media":0,"parent":0,"menu_order":0,"comment_status":"closed","ping_status":"closed","template":"","meta":{"_et_pb_use_builder":"on","_et_pb_old_content":"","_et_gb_content_width":"","_monsterinsights_skip_tracking":false,"_monsterinsights_sitenote_active":false,"_monsterinsights_sitenote_note":"","_monsterinsights_sitenote_category":0},"_links":{"self":[{"href":"http:\/\/vps.virtuaalikoulu.org\/ilmastosoturit\/wp-json\/wp\/v2\/pages\/238"}],"collection":[{"href":"http:\/\/vps.virtuaalikoulu.org\/ilmastosoturit\/wp-json\/wp\/v2\/pages"}],"about":[{"href":"http:\/\/vps.virtuaalikoulu.org\/ilmastosoturit\/wp-json\/wp\/v2\/types\/page"}],"author":[{"embeddable":true,"href":"http:\/\/vps.virtuaalikoulu.org\/ilmastosoturit\/wp-json\/wp\/v2\/users\/2"}],"replies":[{"embeddable":true,"href":"http:\/\/vps.virtuaalikoulu.org\/ilmastosoturit\/wp-json\/wp\/v2\/comments?post=238"}],"version-history":[{"count":10,"href":"http:\/\/vps.virtuaalikoulu.org\/ilmastosoturit\/wp-json\/wp\/v2\/pages\/238\/revisions"}],"predecessor-version":[{"id":276,"href":"http:\/\/vps.virtuaalikoulu.org\/ilmastosoturit\/wp-json\/wp\/v2\/pages\/238\/revisions\/276"}],"wp:attachment":[{"href":"http:\/\/vps.virtuaalikoulu.org\/ilmastosoturit\/wp-json\/wp\/v2\/media?parent=238"}],"curies":[{"name":"wp","href":"https:\/\/api.w.org\/{rel}","templated":true}]}}